{"id":1095,"date":"2025-06-23T15:27:19","date_gmt":"2025-06-23T13:27:19","guid":{"rendered":"http:\/\/modena-motorsport.de.dedivirt1826.your-server.de\/?page_id=1095"},"modified":"2025-06-23T19:41:18","modified_gmt":"2025-06-23T17:41:18","slug":"impressum","status":"publish","type":"page","link":"https:\/\/modena-motorsport.de\/english\/impressum\/","title":{"rendered":"Imprint"},"content":{"rendered":"<div class=\"wpb-content-wrapper\"><div data-parent=\"true\" class=\"vc_row row-container tablet-hidden mobile-hidden\" id=\"row-unique-0\"><div class=\"row no-top-padding no-bottom-padding no-h-padding full-width row-parent\"><div class=\"wpb_row auto-height-device row-inner\"><div class=\"wpb_column pos-top pos-center align_left column_parent col-lg-12 single-internal-gutter\"><div class=\"uncol style-dark animate_when_almost_visible alpha-anim\"  data-delay=\"200\"><div class=\"uncoltable\"><div class=\"uncell no-block-padding\" ><div class=\"uncont\" ><div class=\"un-media-gallery owl-carousel-wrapper\">\n\t\t\n\t\n\t<div class=\"owl-carousel-container owl-carousel-loading no-gutter\" >\n\t\t\t\t\t\t\t\t\t<div id=\"gallery-203110\" class=\"owl-carousel owl-element owl-height-auto\" data-fade=\"true\" data-loop=\"true\" data-navmobile=\"false\" data-navspeed=\"400\" data-autoplay=\"true\" data-timeout=\"5000\" data-autoheight=\"true\" data-stagepadding=\"0\" data-lg=\"1\" data-md=\"1\" data-sm=\"1\">\n<div class=\"tmb tmb-carousel tmb-no-double-tap tmb-iso-h4 tmb-light tmb-overlay-middle tmb-overlay-text-left tmb-id-37  tmb-img-ratio tmb-media-first tmb-media-last tmb-content-overlay tmb-no-bg\" ><div class=\"t-inside no-anim\" ><div class=\"t-entry-visual\"><div class=\"t-entry-visual-tc\"><div class=\"t-entry-visual-cont\"><div class=\"dummy\" style=\"padding-top: 42.9%;\"><\/div><a  class=\"inactive-link pushed\" data-lb-index=\"0\"><div class=\"t-entry-visual-overlay\"><div class=\"t-entry-visual-overlay-in style-dark-bg\" style=\"opacity: 0.5;\"><\/div><\/div><img decoding=\"async\" class=\"wp-image-37\" src=\"https:\/\/modena-motorsport.de\/wp-content\/uploads\/2025\/06\/Slider-1600x600-Modena-Motorsport-20-1-uai-1400x600.jpg\" width=\"1400\" height=\"600\" alt=\"\" \/><\/a><\/div>\n\t\t\t\t\t<\/div>\n\t\t\t\t<\/div><\/div><\/div><div class=\"tmb tmb-carousel tmb-no-double-tap tmb-iso-h4 tmb-light tmb-overlay-middle tmb-overlay-text-left tmb-id-36  tmb-img-ratio tmb-media-first tmb-media-last tmb-content-overlay tmb-no-bg\" ><div class=\"t-inside no-anim\" ><div class=\"t-entry-visual\"><div class=\"t-entry-visual-tc\"><div class=\"t-entry-visual-cont\"><div class=\"dummy\" style=\"padding-top: 42.9%;\"><\/div><a  class=\"inactive-link pushed\" data-lb-index=\"1\"><div class=\"t-entry-visual-overlay\"><div class=\"t-entry-visual-overlay-in style-dark-bg\" style=\"opacity: 0.5;\"><\/div><\/div><img decoding=\"async\" class=\"wp-image-36\" src=\"https:\/\/modena-motorsport.de\/wp-content\/uploads\/2025\/06\/Modena-Motorsport-F1-1-uai-1400x600.jpg\" width=\"1400\" height=\"600\" alt=\"\" \/><\/a><\/div>\n\t\t\t\t\t<\/div>\n\t\t\t\t<\/div><\/div><\/div><div class=\"tmb tmb-carousel tmb-no-double-tap tmb-iso-h4 tmb-light tmb-overlay-middle tmb-overlay-text-left tmb-id-41  tmb-img-ratio tmb-media-first tmb-media-last tmb-content-overlay tmb-no-bg\" ><div class=\"t-inside no-anim\" ><div class=\"t-entry-visual\"><div class=\"t-entry-visual-tc\"><div class=\"t-entry-visual-cont\"><div class=\"dummy\" style=\"padding-top: 42.9%;\"><\/div><a  class=\"inactive-link pushed\" data-lb-index=\"2\"><div class=\"t-entry-visual-overlay\"><div class=\"t-entry-visual-overlay-in style-dark-bg\" style=\"opacity: 0.5;\"><\/div><\/div><img decoding=\"async\" class=\"wp-image-41\" src=\"https:\/\/modena-motorsport.de\/wp-content\/uploads\/2025\/06\/Modena-Motorsport-6-1-uai-1400x600.jpg\" width=\"1400\" height=\"600\" alt=\"\" \/><\/a><\/div>\n\t\t\t\t\t<\/div>\n\t\t\t\t<\/div><\/div><\/div><div class=\"tmb tmb-carousel tmb-no-double-tap tmb-iso-h4 tmb-light tmb-overlay-middle tmb-overlay-text-left tmb-id-40  tmb-img-ratio tmb-media-first tmb-media-last tmb-content-overlay tmb-no-bg\" ><div class=\"t-inside no-anim\" ><div class=\"t-entry-visual\"><div class=\"t-entry-visual-tc\"><div class=\"t-entry-visual-cont\"><div class=\"dummy\" style=\"padding-top: 42.9%;\"><\/div><a  class=\"inactive-link pushed\" data-lb-index=\"3\"><div class=\"t-entry-visual-overlay\"><div class=\"t-entry-visual-overlay-in style-dark-bg\" style=\"opacity: 0.5;\"><\/div><\/div><img decoding=\"async\" class=\"wp-image-40\" src=\"https:\/\/modena-motorsport.de\/wp-content\/uploads\/2025\/06\/Modena-Motorsport-1-uai-1400x600.jpg\" width=\"1400\" height=\"600\" alt=\"\" \/><\/a><\/div>\n\t\t\t\t\t<\/div>\n\t\t\t\t<\/div><\/div><\/div><div class=\"tmb tmb-carousel tmb-no-double-tap tmb-iso-h4 tmb-light tmb-overlay-middle tmb-overlay-text-left tmb-id-31  tmb-img-ratio tmb-media-first tmb-media-last tmb-content-overlay tmb-no-bg\" ><div class=\"t-inside no-anim\" ><div class=\"t-entry-visual\"><div class=\"t-entry-visual-tc\"><div class=\"t-entry-visual-cont\"><div class=\"dummy\" style=\"padding-top: 42.9%;\"><\/div><a  class=\"inactive-link pushed\" data-lb-index=\"4\"><div class=\"t-entry-visual-overlay\"><div class=\"t-entry-visual-overlay-in style-dark-bg\" style=\"opacity: 0.5;\"><\/div><\/div><img decoding=\"async\" class=\"wp-image-31\" src=\"https:\/\/modena-motorsport.de\/wp-content\/uploads\/2025\/06\/Modena-Motorsport-5-uai-1400x600.jpg\" width=\"1400\" height=\"600\" alt=\"\" \/><\/a><\/div>\n\t\t\t\t\t<\/div>\n\t\t\t\t<\/div><\/div><\/div><div class=\"tmb tmb-carousel tmb-no-double-tap tmb-iso-h4 tmb-light tmb-overlay-middle tmb-overlay-text-left tmb-id-34  tmb-img-ratio tmb-media-first tmb-media-last tmb-content-overlay tmb-no-bg\" ><div class=\"t-inside no-anim\" ><div class=\"t-entry-visual\"><div class=\"t-entry-visual-tc\"><div class=\"t-entry-visual-cont\"><div class=\"dummy\" style=\"padding-top: 42.9%;\"><\/div><a  class=\"inactive-link pushed\" data-lb-index=\"5\"><div class=\"t-entry-visual-overlay\"><div class=\"t-entry-visual-overlay-in style-dark-bg\" style=\"opacity: 0.5;\"><\/div><\/div><img decoding=\"async\" class=\"wp-image-34\" src=\"https:\/\/modena-motorsport.de\/wp-content\/uploads\/2025\/06\/Modena-Motorsport-2-uai-1400x600.jpg\" width=\"1400\" height=\"600\" alt=\"\" \/><\/a><\/div>\n\t\t\t\t\t<\/div>\n\t\t\t\t<\/div><\/div><\/div><div class=\"tmb tmb-carousel tmb-no-double-tap tmb-iso-h4 tmb-light tmb-overlay-middle tmb-overlay-text-left tmb-id-39  tmb-img-ratio tmb-media-first tmb-media-last tmb-content-overlay tmb-no-bg\" ><div class=\"t-inside no-anim\" ><div class=\"t-entry-visual\"><div class=\"t-entry-visual-tc\"><div class=\"t-entry-visual-cont\"><div class=\"dummy\" style=\"padding-top: 42.9%;\"><\/div><a  class=\"inactive-link pushed\" data-lb-index=\"6\"><div class=\"t-entry-visual-overlay\"><div class=\"t-entry-visual-overlay-in style-dark-bg\" style=\"opacity: 0.5;\"><\/div><\/div><img decoding=\"async\" class=\"wp-image-39\" src=\"https:\/\/modena-motorsport.de\/wp-content\/uploads\/2025\/06\/Modena-Motorsport-3-uai-1400x600.jpg\" width=\"1400\" height=\"600\" alt=\"\" \/><\/a><\/div>\n\t\t\t\t\t<\/div>\n\t\t\t\t<\/div><\/div><\/div><div class=\"tmb tmb-carousel tmb-no-double-tap tmb-iso-h4 tmb-light tmb-overlay-middle tmb-overlay-text-left tmb-id-30  tmb-img-ratio tmb-media-first tmb-media-last tmb-content-overlay tmb-no-bg\" ><div class=\"t-inside no-anim\" ><div class=\"t-entry-visual\"><div class=\"t-entry-visual-tc\"><div class=\"t-entry-visual-cont\"><div class=\"dummy\" style=\"padding-top: 42.9%;\"><\/div><a  class=\"inactive-link pushed\" data-lb-index=\"7\"><div class=\"t-entry-visual-overlay\"><div class=\"t-entry-visual-overlay-in style-dark-bg\" style=\"opacity: 0.5;\"><\/div><\/div><img decoding=\"async\" class=\"wp-image-30\" src=\"https:\/\/modena-motorsport.de\/wp-content\/uploads\/2025\/06\/Modena-Motorsport-4-uai-1400x600.jpg\" width=\"1400\" height=\"600\" alt=\"\" \/><\/a><\/div>\n\t\t\t\t\t<\/div>\n\t\t\t\t<\/div><\/div><\/div><div class=\"tmb tmb-carousel tmb-no-double-tap tmb-iso-h4 tmb-light tmb-overlay-middle tmb-overlay-text-left tmb-id-33  tmb-img-ratio tmb-media-first tmb-media-last tmb-content-overlay tmb-no-bg\" ><div class=\"t-inside no-anim\" ><div class=\"t-entry-visual\"><div class=\"t-entry-visual-tc\"><div class=\"t-entry-visual-cont\"><div class=\"dummy\" style=\"padding-top: 42.9%;\"><\/div><a  class=\"inactive-link pushed\" data-lb-index=\"8\"><div class=\"t-entry-visual-overlay\"><div class=\"t-entry-visual-overlay-in style-dark-bg\" style=\"opacity: 0.5;\"><\/div><\/div><img decoding=\"async\" class=\"wp-image-33\" src=\"https:\/\/modena-motorsport.de\/wp-content\/uploads\/2025\/06\/Modena-Motorsport-13-1-uai-1400x600.jpg\" width=\"1400\" height=\"600\" alt=\"\" srcset=\"https:\/\/modena-motorsport.de\/wp-content\/uploads\/2025\/06\/Modena-Motorsport-13-1-uai-1400x600.jpg 1400w, https:\/\/modena-motorsport.de\/wp-content\/uploads\/2025\/06\/Modena-Motorsport-13-1-uai-720x308.jpg 720w, https:\/\/modena-motorsport.de\/wp-content\/uploads\/2025\/06\/Modena-Motorsport-13-1-uai-1032x442.jpg 1032w, https:\/\/modena-motorsport.de\/wp-content\/uploads\/2025\/06\/Modena-Motorsport-13-1-uai-258x110.jpg 258w, https:\/\/modena-motorsport.de\/wp-content\/uploads\/2025\/06\/Modena-Motorsport-13-1-uai-516x221.jpg 516w\" sizes=\"(max-width: 1400px) 100vw, 1400px\" \/><\/a><\/div>\n\t\t\t\t\t<\/div>\n\t\t\t\t<\/div><\/div><\/div>\t\t\t<\/div>\n\t\t\t\t\t<\/div>\n\n\t\n\t\n\t\n<\/div>\n\n<\/div><\/div><\/div><\/div><\/div><script id=\"script-row-unique-0\" data-row=\"script-row-unique-0\" type=\"text\/javascript\" class=\"vc_controls\">UNCODE.initRow(document.getElementById(\"row-unique-0\"));<\/script><\/div><\/div><\/div><div data-parent=\"true\" class=\"vc_row row-container\" id=\"row-unique-1\"><div class=\"row double-top-padding double-bottom-padding single-h-padding limit-width row-parent\"><div class=\"wpb_row row-inner\"><div class=\"wpb_column pos-top pos-left align_left column_parent col-lg-12 single-internal-gutter\"><div class=\"uncol style-dark\"  ><div class=\"uncoltable\"><div class=\"uncell\" ><div class=\"uncont no-block-padding col-custom-width\" style=\" max-width:1200px;\" ><div class=\"vc_custom_heading_wrap\"><div class=\"heading-text el-text\" ><h1 class=\"h1\" ><span>Imprint<\/span><\/h1><\/div><div class=\"clear\"><\/div><\/div><div class=\"vc_row inverted-device-order row-internal row-container\"><div class=\"row col-double-gutter row-child\"><div class=\"wpb_row row-inner\"><div class=\"wpb_column pos-top pos-center align_left column_child col-lg-8 single-internal-gutter\"><div class=\"uncol style-dark\" ><div class=\"uncoltable\"><div class=\"uncell no-block-padding\" ><div class=\"uncont\" ><div class=\"uncode_text_column\" ><p><strong>Keine Abmahnung ohne vorherigen Kontakt!<\/strong><\/p>\n<p>Wir akzeptieren keine Abmahnung ohne vorherigen Kontakt und Absprache!<br \/>\nSollte der Inhalt oder die Aufmachung dieser Webseiten gesetzliche Bestimmungen, Ihre oder Rechte Dritter verletzen, bitten wir um eine entsprechende Nachricht ohne jegliche Kostennote.<\/p>\n<p>Richten Sie diese Nachricht bitte an <a href=\"mailto:info@modena-motorsport.de\">info@modena-motorsport.de<\/a> oder rufen Sie uns unter +49 (0) 21 73 \u2013 2 21 84 an.<\/p>\n<p>Wir versichern, beanstandete Bilder, Texte oder Links unverz\u00fcglich zu entfernen oder zu berichtigen, ohne dass hierzu von Ihrer Seite die Einschaltung eines Rechtbeistandes erforderlich ist!<\/p>\n<p>Die Einschaltung eines Anwaltes, zur f\u00fcr die Modena Motorsport GmbH kostenpflichtigen Abmahnung, entspricht nicht dessen wirklichen oder mutma\u00dflichen Willen und w\u00fcrde damit einen Versto\u00df gegen \u00a7 8 Abs. 4 UWG (\u00a7 242 BGB), wegen der Verfolgung sachfremder Ziele als beherrschendes Motiv der Verfahrenseinleitung, insbesondere einer Kostenerzielungsabsicht als eigentliche Triebfeder, sowie einen Versto\u00df gegen Ihre Schadenminderungspflicht darstellen.<\/p>\n<p>Entstandene Kosten ohne vorherige Kontaktaufnahme werden durch uns vollumf\u00e4nglich zur\u00fcckgewiesen und l\u00f6sen gegebenenfalls eine Gegenklage wegen Verletzung vorgenannter Bestimmungen aus.<\/p>\n<p>Haben Sie Verbesserungsvorschl\u00e4ge, Anregungen oder W\u00fcnsche bez\u00fcglich des Modena Motorsport Internetauftritts? Lassen Sie uns das wissen, denn wir nehmen diese gerne entgegen. Schicken Sie eine Mail an i<a href=\"mailto:nfo@modena-motorsport.de\">nfo@modena-motorsport.de<\/a>. Wir freuen uns auf Ihre Meinung.<\/p>\n<p>Inhaltlich Verantwortlicher gem\u00e4\u00df \u00a7 10 Absatz 3 MDStV: Modena Motorsport GmbH. Haftungshinweis: Trotz sorgf\u00e4ltiger inhaltlicher Kontrolle \u00fcbernehmen wir keine Haftung f\u00fcr die Inhalte externer Links. F\u00fcr den Inhalt der verlinkten Seiten sind ausschlie\u00dflich deren Betreiber verantwortlich.<\/p>\n<p><strong>Urheberrecht<\/strong><br \/>\nCopyright 2008 by Modena Motorsport GmbH. Alle Rechte vorbehalten. Alle Texte, Bilder, Graphiken, Ton- sowie Video- und Animationsdateien und ihre Arrangements unterliegen dem Urheberrecht und anderen Gesetzen zum Schutz geistigen Eigentums. Sie d\u00fcrfen weder f\u00fcr Handelszwecke noch zur Weitergabe kopiert, ver\u00e4ndert und verwendet werden. Einige Modena Motorsport Internetseiten enthalten auch Bilder, Photos und Arrangements, die dem Urheberrecht derjenigen unterliegen, die diese zur Verf\u00fcgung gestellt haben.<\/p>\n<p><strong>Gew\u00e4hrleistung<\/strong><br \/>\nDie Informationen auf den Modena Motorsport Internetseiten stellt die Modena Motorsport GmbH ohne jegliche Zusicherung oder Gew\u00e4hrleistung jedweder Art, sei sie ausdr\u00fccklich oder stillschweigend, zur Verf\u00fcgung. Ausgeschlossen sind auch alle stillschweigenden Gew\u00e4hrleistungen betreffend die Handelsf\u00e4higkeit, die Eignung f\u00fcr bestimmte Zwecke oder den Nichtversto\u00df gegen Gesetze und Patente. Auch wenn wir davon ausgehen, da\u00df die von uns gegebenen Informationen zutreffend sind, k\u00f6nnen sie dennoch Fehler oder Ungenauigkeiten enthalten.<\/p>\n<p><strong>Lizenzrechte<\/strong><br \/>\nDie Modena Motorsport GmbH m\u00f6chte Ihnen ein innovatives und informatives Internetprogramm anbieten. Wir hoffen deshalb, dass Sie sich \u00fcber unsere kreative Gestaltung und die aktuellen Informationen genauso freuen wie wir. Wir bitten Sie aber dennoch um Verst\u00e4ndnis daf\u00fcr, da\u00df die Modena Motorsport GmbH ihr geistiges Eigentum, einschlie\u00dflich Patente, Handelsmarken und Urheberrechte, sch\u00fctzen mu\u00df. Daher k\u00f6nnen diese Internetseiten keinerlei Lizenzrechte an dem geistigen Eigentum von Modena Motorsport gew\u00e4hren.<\/p>\n<p><strong>Gew\u00e4hrleistung des Datenschutzes<\/strong><br \/>\nDie Modena Motorsport GmbH freut sich \u00fcber Ihren Besuch auf unserer Web-Site sowie \u00fcber Ihr Interesse an unserem Unternehmen und unseren Produkten. Wir nehmen den Schutz Ihrer privaten Daten ernst und m\u00f6chten, dass Sie sich beim Besuch unserer Internetseiten wohl f\u00fchlen. Der Schutz Ihrer Privatsph\u00e4re bei der Erhebung und Verarbeitung Ihrer pers\u00f6nlicher Daten ist f\u00fcr uns ein wichtiges Anliegen, das wir ber\u00fccksichtigen. Wir verarbeiten pers\u00f6nliche Daten, die beim Besuch unserer Webseiten erhoben werden, gem\u00e4\u00df der gesetzlichen Bestimmungen, die f\u00fcr diejenigen L\u00e4nder gelten, in denen die jeweiligen Webseiten verwaltet werden. Modena Motorsport respektiert Ihre Privat- und Pers\u00f6nlichkeitssph\u00e4re.<\/p>\n<p><strong>Data protection<\/strong><br \/>\nDie Nutzung unserer Webseite ist in der Regel ohne Angabe personenbezogener Daten m\u00f6glich. Soweit auf unseren Seiten personenbezogene Daten (beispielsweise Name, Anschrift oder eMail-Adressen) erhoben werden, erfolgt dies, soweit m\u00f6glich, stets auf freiwilliger Basis. Diese Daten werden ohne Ihre ausdr\u00fcckliche Zustimmung nicht an Dritte weitergegeben.<br \/>\nWir weisen darauf hin, dass die Daten\u00fcbertragung im Internet (z.B. bei der Kommunikation per E-Mail) Sicherheitsl\u00fccken aufweisen kann. Ein l\u00fcckenloser Schutz der Daten vor dem Zugriff durch Dritte ist nicht m\u00f6glich.<br \/>\nDer Nutzung von im Rahmen der Impressumspflicht ver\u00f6ffentlichten Kontaktdaten durch Dritte zur \u00dcbersendung von nicht ausdr\u00fccklich angeforderter Werbung und Informationsmaterialien wird hiermit ausdr\u00fccklich widersprochen. Die Betreiber der Seiten behalten sich ausdr\u00fccklich rechtliche Schritte im Falle der unverlangten Zusendung von Werbeinformationen, etwa durch Spam-Mails, vor.<\/p>\n<p><strong>Datenschutzerkl\u00e4rung f\u00fcr die Nutzung von Google Analytics<\/strong><br \/>\nDiese Website benutzt Google Analytics, einen Webanalysedienst der Google Inc. (\u201eGoogle\u201c). Google Analytics verwendet sog. \u201eCookies\u201c, Textdateien, die auf Ihrem Computer gespeichert werden und die eine Analyse der Benutzung der Website durch Sie erm\u00f6glichen. Die durch den Cookie erzeugten Informationen \u00fcber Ihre Benutzung dieser Website werden in der Regel an einen Server von Google in den USA \u00fcbertragen und dort gespeichert. Im Falle der Aktivierung der IP-Anonymisierung auf dieser Webseite wird Ihre IP-Adresse von Google jedoch innerhalb von Mitgliedstaaten der Europ\u00e4ischen Union oder in anderen Vertragsstaaten des Abkommens \u00fcber den Europ\u00e4ischen Wirtschaftsraum zuvor gek\u00fcrzt.<br \/>\nNur in Ausnahmef\u00e4llen wird die volle IP-Adresse an einen Server von Google in den USA \u00fcbertragen und dort gek\u00fcrzt. Im Auftrag des Betreibers dieser Website wird Google diese Informationen benutzen, um Ihre Nutzung der Website auszuwerten, um Reports \u00fcber die Websiteaktivit\u00e4ten zusammenzustellen und um weitere mit der Websitenutzung und der Internetnutzung verbundene Dienstleistungen gegen\u00fcber dem Websitebetreiber zu erbringen. Die im Rahmen von Google Analytics von Ihrem Browser \u00fcbermittelte IP-Adresse wird nicht mit anderen Daten von Google zusammengef\u00fchrt.<br \/>\nSie k\u00f6nnen die Speicherung der Cookies durch eine entsprechende Einstellung Ihrer Browser-Software verhindern; wir weisen Sie jedoch darauf hin, dass Sie in diesem Fall gegebenenfalls nicht s\u00e4mtliche Funktionen dieser Website vollumf\u00e4nglich werden nutzen k\u00f6nnen. Sie k\u00f6nnen dar\u00fcber hinaus die Erfassung der durch das Cookie erzeugten und auf Ihre Nutzung der Website bezogenen Daten (inkl. Ihrer IP-Adresse) an Google sowie die Verarbeitung dieser Daten durch Google verhindern, indem sie das unter dem folgenden Link verf\u00fcgbare Browser-Plugin herunterladen und installieren: <a href=\"http:\/\/tools.google.com\/dlpage\/gaoptout?hl=de\" target=\"_blank\" rel=\"noopener\">http:\/\/tools.google.com\/dlpage\/gaoptout?hl=de<\/a>.<br \/>\nQuellenangaben: eRecht24 Datenschutzerkl\u00e4rung, Google Analytics Bedingungen<\/p>\n<p><strong>Sicherheit<\/strong><br \/>\nDie Modena Motorsport GmbH setzt technische und organisatorische Sicherheitsma\u00dfnahmen ein, um ihre durch uns verwalteten Daten gegen zuf\u00e4llige oder vors\u00e4tzliche Manipulationen, Verlust, Zerst\u00f6rung oder gegen den Zugriff unberechtigter Personen zu sch\u00fctzen. Unsere Sicherheitsma\u00dfnahmen werden entsprechend der technologischen Entwicklung fortlaufend verbessert.<br \/>\nWenn Sie Fragen hinsichtlich der Verarbeitung ihrer pers\u00f6nlicher Daten haben, k\u00f6nnen Sie sich an unser Modena-Motorsport Team f\u00fcr Datenschutz wenden, welches Ihnen gerne zur Verf\u00fcgung steht.<\/p>\n<\/div><\/div><\/div><\/div><\/div><\/div><div class=\"wpb_column pos-top pos-center align_left column_child col-lg-4 single-internal-gutter\"><div class=\"uncol style-dark\" ><div class=\"uncoltable\"><div class=\"uncell no-block-padding\" ><div class=\"uncont\" ><div class=\"uncode_text_column\" ><p><strong>Verantwortlich f\u00fcr den Inhalt:<\/strong><\/p>\n<p>Modena Motorsport \u2013 Fahrzeuge GmbH<br \/>\nGesch\u00e4ftsf\u00fchrer: Uwe Meissner<br \/>\nErnst-Tellering-Strasse 60<br \/>\nD-40764 Langenfeld<\/p>\n<p>Fon: +49 (0) 21 73 \u2013 2 21 84<br \/>\nFax: +49 (0) 21 73 - 2 16 03<br \/>\nMail: <a href=\"mailto:info@modena-motorsport.de\">info@modena-motorsport.de<\/a><\/p>\n<p>Amstgericht Langenfeld HRB 920<br \/>\nUSt. ID: DE 121398445<\/p>\n<p><strong>Fotos:<\/strong><\/p>\n<p>Christian Kopmann<br \/>\nThomas Kunert<br \/>\nEdwin van Nes<br \/>\nRainer Schlegelmilch<br \/>\nWolfgang Wilhelm<\/p>\n<\/div><\/div><\/div><\/div><\/div><\/div><\/div><\/div><\/div><\/div><\/div><\/div><\/div><\/div><script id=\"script-row-unique-1\" data-row=\"script-row-unique-1\" type=\"text\/javascript\" class=\"vc_controls\">UNCODE.initRow(document.getElementById(\"row-unique-1\"));<\/script><\/div><\/div><\/div>\n<\/div>","protected":false},"excerpt":{"rendered":"ImpressumKeine Abmahnung ohne vorherigen Kontakt! Wir akzeptieren keine Abmahnung ohne vorherigen Kontakt und Absprache! Sollte der Inhalt oder die Aufmachung [...]","protected":false},"author":4,"featured_media":0,"parent":0,"menu_order":110,"comment_status":"closed","ping_status":"closed","template":"","meta":{"inline_featured_image":false,"footnotes":""},"class_list":["post-1095","page","type-page","status-publish","hentry"],"_links":{"self":[{"href":"https:\/\/modena-motorsport.de\/english\/wp-json\/wp\/v2\/pages\/1095","targetHints":{"allow":["GET"]}}],"collection":[{"href":"https:\/\/modena-motorsport.de\/english\/wp-json\/wp\/v2\/pages"}],"about":[{"href":"https:\/\/modena-motorsport.de\/english\/wp-json\/wp\/v2\/types\/page"}],"author":[{"embeddable":true,"href":"https:\/\/modena-motorsport.de\/english\/wp-json\/wp\/v2\/users\/4"}],"replies":[{"embeddable":true,"href":"https:\/\/modena-motorsport.de\/english\/wp-json\/wp\/v2\/comments?post=1095"}],"version-history":[{"count":0,"href":"https:\/\/modena-motorsport.de\/english\/wp-json\/wp\/v2\/pages\/1095\/revisions"}],"wp:attachment":[{"href":"https:\/\/modena-motorsport.de\/english\/wp-json\/wp\/v2\/media?parent=1095"}],"curies":[{"name":"wp","href":"https:\/\/api.w.org\/{rel}","templated":true}]}}